{"id":72,"date":"2026-01-19T11:19:14","date_gmt":"2026-01-19T11:19:14","guid":{"rendered":"http:\/\/skppopz.cluster100.hosting.ovh.net\/?page_id=72"},"modified":"2026-02-13T11:17:04","modified_gmt":"2026-02-13T11:17:04","slug":"politique-de-confidentialite","status":"publish","type":"page","link":"https:\/\/domainebreuil.com\/index.php\/politique-de-confidentialite\/","title":{"rendered":"Politique de confidentialit\u00e9"},"content":{"rendered":"[vc_row type=\u00a0\u00bbin_container\u00a0\u00bb full_screen_row_position=\u00a0\u00bbmiddle\u00a0\u00bb column_margin=\u00a0\u00bbdefault\u00a0\u00bb column_direction=\u00a0\u00bbdefault\u00a0\u00bb column_direction_tablet=\u00a0\u00bbdefault\u00a0\u00bb column_direction_phone=\u00a0\u00bbdefault\u00a0\u00bb scene_position=\u00a0\u00bbcenter\u00a0\u00bb text_color=\u00a0\u00bbdark\u00a0\u00bb text_align=\u00a0\u00bbleft\u00a0\u00bb row_border_radius=\u00a0\u00bbnone\u00a0\u00bb row_border_radius_applies=\u00a0\u00bbbg\u00a0\u00bb row_position_desktop=\u00a0\u00bbdefault\u00a0\u00bb row_position_tablet=\u00a0\u00bbinherit\u00a0\u00bb row_position_phone=\u00a0\u00bbinherit\u00a0\u00bb overflow=\u00a0\u00bbvisible\u00a0\u00bb overlay_strength=\u00a0\u00bb0.3&Prime; gradient_direction=\u00a0\u00bbleft_to_right\u00a0\u00bb shape_divider_position=\u00a0\u00bbbottom\u00a0\u00bb bg_image_animation=\u00a0\u00bbnone\u00a0\u00bb][vc_column column_padding=\u00a0\u00bbno-extra-padding\u00a0\u00bb column_padding_tablet=\u00a0\u00bbinherit\u00a0\u00bb column_padding_phone=\u00a0\u00bbinherit\u00a0\u00bb column_padding_position=\u00a0\u00bball\u00a0\u00bb flex_gap_desktop=\u00a0\u00bb10px\u00a0\u00bb column_element_direction_desktop=\u00a0\u00bbdefault\u00a0\u00bb column_element_spacing=\u00a0\u00bbdefault\u00a0\u00bb desktop_text_alignment=\u00a0\u00bbdefault\u00a0\u00bb tablet_text_alignment=\u00a0\u00bbdefault\u00a0\u00bb phone_text_alignment=\u00a0\u00bbdefault\u00a0\u00bb background_color_opacity=\u00a0\u00bb1&Prime; background_hover_color_opacity=\u00a0\u00bb1&Prime; column_backdrop_filter=\u00a0\u00bbnone\u00a0\u00bb column_shadow=\u00a0\u00bbnone\u00a0\u00bb column_border_radius=\u00a0\u00bbnone\u00a0\u00bb column_link_target=\u00a0\u00bb_self\u00a0\u00bb column_position=\u00a0\u00bbdefault\u00a0\u00bb gradient_direction=\u00a0\u00bbleft_to_right\u00a0\u00bb overlay_strength=\u00a0\u00bb0.3&Prime; width=\u00a0\u00bb1\/1&Prime; tablet_width_inherit=\u00a0\u00bbdefault\u00a0\u00bb animation_type=\u00a0\u00bbdefault\u00a0\u00bb bg_image_animation=\u00a0\u00bbnone\u00a0\u00bb border_type=\u00a0\u00bbsimple\u00a0\u00bb column_border_width=\u00a0\u00bbnone\u00a0\u00bb column_border_style=\u00a0\u00bbsolid\u00a0\u00bb][vc_column_text css=\u00a0\u00bb.vc_custom_1770981210493{padding-bottom: 30px !important;}\u00a0\u00bb text_direction=\u00a0\u00bbdefault\u00a0\u00bb]\n<h1>Politique de confidentialit\u00e9<\/h1>\n[\/vc_column_text][vc_column_text css=\u00a0\u00bb\u00a0\u00bb text_direction=\u00a0\u00bbdefault\u00a0\u00bb]\n<h2>1. Introduction<\/h2>\n<p>La pr\u00e9sente politique de confidentialit\u00e9 a pour but d\u2019informer les utilisateurs du site domainebreuil.com de la mani\u00e8re dont DOMAINE LES CAILLOUX DU BREUIL collecte, utilise et prot\u00e8ge les donn\u00e9es personnelles.<\/p>\n<p>DOMAINE LES CAILLOUX DU BREUIL s\u2019engage \u00e0 respecter le R\u00e8glement G\u00e9n\u00e9ral sur la Protection des Donn\u00e9es (RGPD \u2013 UE 2016\/679) entr\u00e9 en vigueur le 25 mai 2018.<\/p>\n<h2>2. Donn\u00e9es collect\u00e9es<\/h2>\n<p>De mani\u00e8re g\u00e9n\u00e9rale, aucune donn\u00e9e personnelle n\u2019est collect\u00e9e automatiquement lors de la navigation sur le site domainebreuil.com.<\/p>\n<p>Certaines donn\u00e9es peuvent toutefois \u00eatre collect\u00e9es lorsque l\u2019utilisateur :<\/p>\n<ul>\n<li>remplit un formulaire de contact<\/li>\n<li>s\u2019inscrit \u00e0 une newsletter<\/li>\n<\/ul>\n<p>Les donn\u00e9es susceptibles d\u2019\u00eatre collect\u00e9es sont notamment :<\/p>\n<ul>\n<li>Nom<\/li>\n<li>Pr\u00e9nom<\/li>\n<li>Adresse e-mail<\/li>\n<\/ul>\n<p>Les cookies utilis\u00e9s sur le site ne collectent pas de donn\u00e9es permettant d\u2019identifier personnellement l\u2019utilisateur (voir politique de cookies).<\/p>\n<h2>3. Finalit\u00e9s du traitement<\/h2>\n<p>DOMAINE LES CAILLOUX DU BREUIL est susceptible de traiter les donn\u00e9es personnelles afin de :<\/p>\n<ul>\n<li>fournir les informations ou services demand\u00e9s (r\u00e9ponse \u00e0 une demande de contact, envoi de newsletter, offre commerciale)<\/li>\n<li>am\u00e9liorer le site, ses contenus et ses performances (statistiques de navigation)<\/li>\n<li>contacter l\u2019utilisateur \u00e0 propos d\u2019\u00e9v\u00e9nements, mises \u00e0 jour ou support<\/li>\n<\/ul>\n<h2>4. Base l\u00e9gale du traitement<\/h2>\n<p>Les traitements de donn\u00e9es reposent sur :<\/p>\n<ul>\n<li>le consentement de l\u2019utilisateur (formulaires, newsletter)<\/li>\n<li>l\u2019int\u00e9r\u00eat l\u00e9gitime de DOMAINE LES CAILLOUX DU BREUIL (am\u00e9lioration du site, s\u00e9curit\u00e9, statistiques)<\/li>\n<\/ul>\n<h2>5. Dur\u00e9e de conservation<\/h2>\n<p>Les donn\u00e9es personnelles sont conserv\u00e9es :<\/p>\n<ul>\n<li>pour les demandes de contact : pendant la dur\u00e9e n\u00e9cessaire au traitement de la demande<\/li>\n<li>pour la newsletter : jusqu\u2019au d\u00e9sabonnement de l\u2019utilisateur<\/li>\n<\/ul>\n<p>L\u2019utilisateur peut se d\u00e9sinscrire \u00e0 tout moment via le lien pr\u00e9sent dans chaque newsletter.<\/p>\n<h2>6. Droits des utilisateurs<\/h2>\n<p>Conform\u00e9ment au RGPD, l\u2019utilisateur dispose des droits suivants :<\/p>\n<ul>\n<li>droit d\u2019acc\u00e8s<\/li>\n<li>droit de rectification<\/li>\n<li>droit \u00e0 l\u2019effacement<\/li>\n<li>droit d\u2019opposition<\/li>\n<li>droit \u00e0 la limitation du traitement<\/li>\n<li>droit \u00e0 la portabilit\u00e9 des donn\u00e9es<\/li>\n<li>droit de retrait du consentement \u00e0 tout moment<\/li>\n<\/ul>\n<h2>7. Exercice des droits<\/h2>\n<p>Pour exercer ses droits, l\u2019utilisateur peut contacter :<\/p>\n<p>contact@domainebreuil.com<br \/>\nDOMAINE LES CAILLOUX DU BREUIL \u2013 Lieu-dit Le Bois d\u2019Ortie \u2013 49730 Turquant \u2013 France<\/p>\n<p>Un justificatif d\u2019identit\u00e9 pourra \u00eatre demand\u00e9 afin de s\u00e9curiser la demande.<br \/>\nUne r\u00e9ponse sera apport\u00e9e dans un d\u00e9lai maximum d\u2019un mois.<\/p>\n<h2>8. S\u00e9curit\u00e9<\/h2>\n<p>DOMAINE LES CAILLOUX DU BREUIL met en \u0153uvre des mesures techniques et organisationnelles appropri\u00e9es pour assurer la s\u00e9curit\u00e9 des donn\u00e9es personnelles, notamment :<\/p>\n<ul>\n<li>protocole SSL<\/li>\n<li>acc\u00e8s restreint aux donn\u00e9es<\/li>\n<li>sauvegardes informatiques<\/li>\n<li>pare-feu (firewall)<\/li>\n<\/ul>\n<p>Malgr\u00e9 toutes les mesures mises en \u0153uvre, aucun syst\u00e8me n\u2019offre une s\u00e9curit\u00e9 absolue lors des transmissions via Internet.[\/vc_column_text][\/vc_column][\/vc_row]\n","protected":false},"excerpt":{"rendered":"<p>[vc_row type=\u00a0\u00bbin_container\u00a0\u00bb full_screen_row_position=\u00a0\u00bbmiddle\u00a0\u00bb column_margin=\u00a0\u00bbdefault\u00a0\u00bb column_direction=\u00a0\u00bbdefault\u00a0\u00bb column_direction_tablet=\u00a0\u00bbdefault\u00a0\u00bb column_direction_phone=\u00a0\u00bbdefault\u00a0\u00bb scene_position=\u00a0\u00bbcenter\u00a0\u00bb text_color=\u00a0\u00bbdark\u00a0\u00bb text_align=\u00a0\u00bbleft\u00a0\u00bb row_border_radius=\u00a0\u00bbnone\u00a0\u00bb row_border_radius_applies=\u00a0\u00bbbg\u00a0\u00bb row_position_desktop=\u00a0\u00bbdefault\u00a0\u00bb row_position_tablet=\u00a0\u00bbinherit\u00a0\u00bb row_position_phone=\u00a0\u00bbinherit\u00a0\u00bb overflow=\u00a0\u00bbvisible\u00a0\u00bb overlay_strength=\u00a0\u00bb0.3&Prime; gradient_direction=\u00a0\u00bbleft_to_right\u00a0\u00bb shape_divider_position=\u00a0\u00bbbottom\u00a0\u00bb bg_image_animation=\u00a0\u00bbnone\u00a0\u00bb][vc_column column_padding=\u00a0\u00bbno-extra-padding\u00a0\u00bb column_padding_tablet=\u00a0\u00bbinherit\u00a0\u00bb column_padding_phone=\u00a0\u00bbinherit\u00a0\u00bb column_padding_position=\u00a0\u00bball\u00a0\u00bb flex_gap_desktop=\u00a0\u00bb10px\u00a0\u00bb column_element_direction_desktop=\u00a0\u00bbdefault\u00a0\u00bb column_element_spacing=\u00a0\u00bbdefault\u00a0\u00bb desktop_text_alignment=\u00a0\u00bbdefault\u00a0\u00bb tablet_text_alignment=\u00a0\u00bbdefault\u00a0\u00bb phone_text_alignment=\u00a0\u00bbdefault\u00a0\u00bb&#8230;<\/p>\n","protected":false},"author":1,"featured_media":0,"parent":0,"menu_order":0,"comment_status":"closed","ping_status":"closed","template":"","meta":{"footnotes":""},"class_list":["post-72","page","type-page","status-publish"],"_links":{"self":[{"href":"https:\/\/domainebreuil.com\/index.php\/wp-json\/wp\/v2\/pages\/72","targetHints":{"allow":["GET"]}}],"collection":[{"href":"https:\/\/domainebreuil.com\/index.php\/wp-json\/wp\/v2\/pages"}],"about":[{"href":"https:\/\/domainebreuil.com\/index.php\/wp-json\/wp\/v2\/types\/page"}],"author":[{"embeddable":true,"href":"https:\/\/domainebreuil.com\/index.php\/wp-json\/wp\/v2\/users\/1"}],"replies":[{"embeddable":true,"href":"https:\/\/domainebreuil.com\/index.php\/wp-json\/wp\/v2\/comments?post=72"}],"version-history":[{"count":5,"href":"https:\/\/domainebreuil.com\/index.php\/wp-json\/wp\/v2\/pages\/72\/revisions"}],"predecessor-version":[{"id":331,"href":"https:\/\/domainebreuil.com\/index.php\/wp-json\/wp\/v2\/pages\/72\/revisions\/331"}],"wp:attachment":[{"href":"https:\/\/domainebreuil.com\/index.php\/wp-json\/wp\/v2\/media?parent=72"}],"curies":[{"name":"wp","href":"https:\/\/api.w.org\/{rel}","templated":true}]}}